{"id":126,"date":"2016-02-17T13:42:08","date_gmt":"2016-02-17T13:42:08","guid":{"rendered":"http:\/\/test.kriesi.at\/consulting\/?page_id=9"},"modified":"2025-08-28T13:41:38","modified_gmt":"2025-08-28T11:41:38","slug":"go","status":"publish","type":"page","link":"https:\/\/tonnadel.de\/de\/","title":{"rendered":"Go &#8211; en"},"content":{"rendered":"<div id='full_slider_1'  class='avia-fullwidth-slider main_color avia-shadow   avia-builder-el-0  el_before_av_section  avia-builder-el-first   container_wrap fullsize'  >\n<style type=\"text\/css\" data-created_by=\"avia_inline_auto\" id=\"style-css-av-b73pe6-fca712094e4e9f32e4f374ecc97ac7be\">\n#top #wrap_all .avia-slideshow .av-slideshow-caption.av-b73pe6-fca712094e4e9f32e4f374ecc97ac7be__0 .avia-caption-title{\nfont-size:35px;\ncolor:#ffffff;\n}\n#top .avia-slideshow .av-slideshow-caption.av-b73pe6-fca712094e4e9f32e4f374ecc97ac7be__0 .avia-caption-content{\nfont-size:18px;\ncolor:#ffffff;\n}\n#top .avia-slideshow .av-slideshow-caption.av-b73pe6-fca712094e4e9f32e4f374ecc97ac7be__0 .avia-caption-content p{\nfont-size:18px;\n}\n<\/style>\n<div  class='avia-slideshow av-b73pe6-fca712094e4e9f32e4f374ecc97ac7be avia-slideshow-no scaling av_slideshow_full avia-fade-slider av-slideshow-ui av-control-default av-slideshow-manual av-loop-once av-loop-manual-endless av-default-height-applied   avia-slideshow-1' data-slideshow-options=\"{&quot;animation&quot;:&quot;fade&quot;,&quot;autoplay&quot;:false,&quot;loop_autoplay&quot;:&quot;once&quot;,&quot;interval&quot;:5,&quot;loop_manual&quot;:&quot;manual-endless&quot;,&quot;autoplay_stopper&quot;:false,&quot;noNavigation&quot;:false,&quot;bg_slider&quot;:false,&quot;keep_padding&quot;:false,&quot;hoverpause&quot;:false,&quot;show_slide_delay&quot;:0}\"  itemprop=\"image\" itemscope=\"itemscope\" itemtype=\"https:\/\/schema.org\/ImageObject\" ><ul class='avia-slideshow-inner ' style='padding-bottom: 66.458333333333%;'><li  class='avia-slideshow-slide av-b73pe6-fca712094e4e9f32e4f374ecc97ac7be__0  av-single-slide slide-1 slide-odd'><div data-rel='slideshow-1' class='avia-slide-wrap '   ><div class='av-slideshow-caption av-b73pe6-fca712094e4e9f32e4f374ecc97ac7be__0 caption_fullwidth caption_right'><div class=\"container caption_container\"><div class=\"slideshow_caption\"><div class=\"slideshow_inner_caption\"><div class=\"slideshow_align_caption\"><h2 class='avia-caption-title '  itemprop=\"name\" >Die Phono Zubeh\u00f6r Vertrieb GmbH...<\/h2><div class='avia-caption-content av_inherit_color'  itemprop=\"description\" ><p>&#8230;schafft eine vertrauensvolle Verbindung zwischen der global produzierenden Industrie und dem europ\u00e4ischen Fachhandel im Bereich Phono-Zubeh\u00f6r.<\/p>\n<p>Und das in dritter Generation seit 1972.<\/p>\n<\/div><\/div><\/div><\/div><\/div><\/div><img decoding=\"async\" class=\"wp-image-146 avia-img-lazy-loading-not-146\"  src=\"https:\/\/tonnadel.de\/wp-content\/uploads\/2022\/09\/vinyl.jpg\" width=\"1920\" height=\"1276\" title='vinyl' alt=''  itemprop=\"thumbnailUrl\" srcset=\"https:\/\/tonnadel.de\/wp-content\/uploads\/2022\/09\/vinyl.jpg 1920w, https:\/\/tonnadel.de\/wp-content\/uploads\/2022\/09\/vinyl-300x199.jpg 300w, https:\/\/tonnadel.de\/wp-content\/uploads\/2022\/09\/vinyl-1030x685.jpg 1030w, https:\/\/tonnadel.de\/wp-content\/uploads\/2022\/09\/vinyl-768x510.jpg 768w, https:\/\/tonnadel.de\/wp-content\/uploads\/2022\/09\/vinyl-1536x1021.jpg 1536w, https:\/\/tonnadel.de\/wp-content\/uploads\/2022\/09\/vinyl-1500x997.jpg 1500w, https:\/\/tonnadel.de\/wp-content\/uploads\/2022\/09\/vinyl-705x469.jpg 705w\" sizes=\"(max-width: 1920px) 100vw, 1920px\" \/><\/div><\/li><\/ul><\/div><\/div>\n<div id='av_section_1'  class='avia-section av-as1bxi-2d38ff2d86d35539bab8332a46076255 main_color avia-section-huge avia-no-border-styling  avia-builder-el-1  el_after_av_slideshow_full  el_before_av_section  avia-bg-style-scroll container_wrap fullsize'  ><div class='container av-section-cont-open' ><div class='template-page content  av-content-full alpha units'><div class='post-entry post-entry-type-page post-entry-126'><div class='entry-content-wrapper clearfix'>\n\n<style type=\"text\/css\" data-created_by=\"avia_inline_auto\" id=\"style-css-av-aqa93i-3c33719824d2e47f9f343a599326b746\">\n#top .av-special-heading.av-aqa93i-3c33719824d2e47f9f343a599326b746{\nmargin:50px 0 0 0;\npadding-bottom:35px;\n}\nbody .av-special-heading.av-aqa93i-3c33719824d2e47f9f343a599326b746 .av-special-heading-tag .heading-char{\nfont-size:25px;\n}\n.av-special-heading.av-aqa93i-3c33719824d2e47f9f343a599326b746 .av-subheading{\nfont-size:15px;\n}\n\n@media only screen and (min-width: 990px){ \n#top .av-special-heading.av-aqa93i-3c33719824d2e47f9f343a599326b746{\nmargin:50px 0 0 0;\n}\n}\n\n@media only screen and (min-width: 768px) and (max-width: 989px){ \n#top .av-special-heading.av-aqa93i-3c33719824d2e47f9f343a599326b746{\nmargin:50px 0 0 0;\n}\n}\n\n@media only screen and (min-width: 480px) and (max-width: 767px){ \n#top .av-special-heading.av-aqa93i-3c33719824d2e47f9f343a599326b746{\nmargin:30px 0 0 0;\n}\n}\n\n@media only screen and (max-width: 479px){ \n#top .av-special-heading.av-aqa93i-3c33719824d2e47f9f343a599326b746{\nmargin:20px 0 0 0;\n}\n}\n<\/style>\n<div  id=\"Vermittler\"  class='av-special-heading av-aqa93i-3c33719824d2e47f9f343a599326b746 av-special-heading-h2 blockquote modern-quote modern-centered  avia-builder-el-2  el_before_av_one_third  avia-builder-el-first '><h2 class='av-special-heading-tag'  itemprop=\"headline\"  >PZV &#8211; Vermittler von Waren, Wissen <span class='special_amp'>&amp;<\/span> Wesen<\/h2><div class=\"special-heading-border\"><div class=\"special-heading-inner-border\"><\/div><\/div><\/div>\n\n<style type=\"text\/css\" data-created_by=\"avia_inline_auto\" id=\"style-css-av-9skhvq-b906507d2354345608c459cf10aebddc\">\n.flex_column.av-9skhvq-b906507d2354345608c459cf10aebddc{\n-webkit-border-radius:0px 0px 0px 0px;\n-moz-border-radius:0px 0px 0px 0px;\nborder-radius:0px 0px 0px 0px;\npadding:0px 0px 0px 0px;\n}\n<\/style>\n<div class='flex_column av-9skhvq-b906507d2354345608c459cf10aebddc av_one_third  avia-builder-el-3  el_after_av_heading  el_before_av_one_third  first flex_column_div av-zero-column-padding '     ><style type=\"text\/css\" data-created_by=\"avia_inline_auto\" id=\"style-css-av-9qga1y-567c2cc5d0bb5dbfdf1d4a4c5303bb75\">\n.iconbox.av-9qga1y-567c2cc5d0bb5dbfdf1d4a4c5303bb75 .iconbox_icon{\nbackground-color:#ffffff;\n}\n<\/style>\n<article  class='iconbox iconbox_top av-9qga1y-567c2cc5d0bb5dbfdf1d4a4c5303bb75 av-no-box  avia-builder-el-4  avia-builder-el-no-sibling '  itemscope=\"itemscope\" itemtype=\"https:\/\/schema.org\/CreativeWork\" ><div class=\"iconbox_content\"><header class=\"entry-content-header\"><div class=\"iconbox_icon heading-color\" aria-hidden='true' data-av_icon='\ue80b' data-av_iconfont='entypo-fontello'><\/div><h3 class='iconbox_content_title '  itemprop=\"headline\" >Kommunikation<\/h3><\/header><div class='iconbox_content_container '  itemprop=\"text\" ><p>Hersteller &amp; Lieferanten haben einiges mitzuteilen. Deren Gedankengut und W\u00fcnsche zur Markenpr\u00e4senz kommunizieren wir ausf\u00fchrlich und direkt mit unseren H\u00e4ndlern.<\/p>\n<p>Das sch\u00fctzt das Image der Marke und die Rendite.<\/p>\n<\/div><\/div><footer class=\"entry-footer\"><\/footer><\/article><\/div>\n<style type=\"text\/css\" data-created_by=\"avia_inline_auto\" id=\"style-css-av-a870ni-1c086e5a3dd85fe7261fbf12d20220d2\">\n.flex_column.av-a870ni-1c086e5a3dd85fe7261fbf12d20220d2{\n-webkit-border-radius:0px 0px 0px 0px;\n-moz-border-radius:0px 0px 0px 0px;\nborder-radius:0px 0px 0px 0px;\npadding:0px 0px 0px 0px;\n}\n<\/style>\n<div class='flex_column av-a870ni-1c086e5a3dd85fe7261fbf12d20220d2 av_one_third  avia-builder-el-5  el_after_av_one_third  el_before_av_one_third  flex_column_div av-zero-column-padding '     ><style type=\"text\/css\" data-created_by=\"avia_inline_auto\" id=\"style-css-av-a24f1y-40b67463a0c0392416921b22dd9ab94f\">\n.iconbox.av-a24f1y-40b67463a0c0392416921b22dd9ab94f .iconbox_icon{\nbackground-color:#ffffff;\n}\n<\/style>\n<article  class='iconbox iconbox_top av-a24f1y-40b67463a0c0392416921b22dd9ab94f av-no-box  avia-builder-el-6  avia-builder-el-no-sibling '  itemscope=\"itemscope\" itemtype=\"https:\/\/schema.org\/CreativeWork\" ><div class=\"iconbox_content\"><header class=\"entry-content-header\"><div class=\"iconbox_icon heading-color\" aria-hidden='true' data-av_icon='\ue812' data-av_iconfont='entypo-fontello'><\/div><h3 class='iconbox_content_title '  itemprop=\"headline\" >Evaluation<\/h3><\/header><div class='iconbox_content_container '  itemprop=\"text\" ><p>Quo vadis? Wohin geht die Reise im Analogbereich? Was sind die Trends von morgen?<\/p>\n<p>Wir richten das Sortiment f\u00fcr unsere Handelspartner stets an aktuellen Markttrends und Endkundenbed\u00fcrfnissen aus und kommunizieren gew\u00fcnschte Anspr\u00fcche auch wieder zur\u00fcck an die Hersteller.<\/p>\n<\/div><\/div><footer class=\"entry-footer\"><\/footer><\/article><\/div>\n<style type=\"text\/css\" data-created_by=\"avia_inline_auto\" id=\"style-css-av-agi4ee-ad6329a8eb7e6ab4684fcc1598c6ca9f\">\n.flex_column.av-agi4ee-ad6329a8eb7e6ab4684fcc1598c6ca9f{\n-webkit-border-radius:0px 0px 0px 0px;\n-moz-border-radius:0px 0px 0px 0px;\nborder-radius:0px 0px 0px 0px;\npadding:0px 0px 0px 0px;\n}\n<\/style>\n<div class='flex_column av-agi4ee-ad6329a8eb7e6ab4684fcc1598c6ca9f av_one_third  avia-builder-el-7  el_after_av_one_third  avia-builder-el-last  flex_column_div av-zero-column-padding '     ><style type=\"text\/css\" data-created_by=\"avia_inline_auto\" id=\"style-css-av-ado8ym-786ac48c380986cf2a02f1d778d6e6a5\">\n.iconbox.av-ado8ym-786ac48c380986cf2a02f1d778d6e6a5 .iconbox_icon{\nbackground-color:#ffffff;\n}\n<\/style>\n<article  class='iconbox iconbox_top av-ado8ym-786ac48c380986cf2a02f1d778d6e6a5 av-no-box  avia-builder-el-8  avia-builder-el-no-sibling '  itemscope=\"itemscope\" itemtype=\"https:\/\/schema.org\/CreativeWork\" ><div class=\"iconbox_content\"><header class=\"entry-content-header\"><div class=\"iconbox_icon heading-color\" aria-hidden='true' data-av_icon='\ue803' data-av_iconfont='entypo-fontello'><\/div><h3 class='iconbox_content_title '  itemprop=\"headline\" >Vollsortiment<\/h3><\/header><div class='iconbox_content_container '  itemprop=\"text\" ><p>\u00dcber 1800 Produkte &#8211; von der Tonnadel \u00fcber Vorverst\u00e4rker bis zum Reinigungstuch.<\/p>\n<p>Welches Sortiment passt zu Ihrem Handelsunternehmen, Vertriebsstruktur und Regionalit\u00e4t? Lassen Sie uns das mit unserem erfahrenen Sales-Team ermitteln und auf Ihren Bedarf hin zuschneiden.<\/p>\n<\/div><\/div><footer class=\"entry-footer\"><\/footer><\/article><\/div>\n\n<\/div><\/div><\/div><!-- close content main div --><\/div><\/div>\n<style type=\"text\/css\" data-created_by=\"avia_inline_auto\" id=\"style-css-av-56schi-03da0bbd1a97acf2425775c8b66ae710\">\n.avia-section.av-56schi-03da0bbd1a97acf2425775c8b66ae710{\nbackground-color:#f9fdff;\nbackground-image:url(https:\/\/tonnadel.de\/wp-content\/uploads\/2022\/09\/corporate-buildings-white-1-1500x1000.jpg);\nbackground-repeat:no-repeat;\nbackground-position:50% 50%;\nbackground-attachment:scroll;\n}\n<\/style>\n<div id='about'  class='avia-section av-56schi-03da0bbd1a97acf2425775c8b66ae710 main_color avia-section-huge avia-no-shadow  avia-builder-el-9  el_after_av_section  el_before_av_layout_row  avia-full-stretch avia-bg-style-scroll container_wrap fullsize'  data-section-bg-repeat='stretch'><div class='container av-section-cont-open' ><div class='template-page content  av-content-full alpha units'><div class='post-entry post-entry-type-page post-entry-126'><div class='entry-content-wrapper clearfix'>\n\n<style type=\"text\/css\" data-created_by=\"avia_inline_auto\" id=\"style-css-av-1bvv2-b57bcd0e3463a92df68eba2ae04bb572\">\n.flex_column.av-1bvv2-b57bcd0e3463a92df68eba2ae04bb572{\n-webkit-border-radius:0px 0px 0px 0px;\n-moz-border-radius:0px 0px 0px 0px;\nborder-radius:0px 0px 0px 0px;\npadding:0px 0px 0px 0px;\n}\n<\/style>\n<div class='flex_column av-1bvv2-b57bcd0e3463a92df68eba2ae04bb572 av_one_full  avia-builder-el-10  avia-builder-el-no-sibling  first flex_column_div av-zero-column-padding '     ><p>\n<style type=\"text\/css\" data-created_by=\"avia_inline_auto\" id=\"style-css-av-3jec4e-988d04f71250301f6631177bc3e9e20a\">\n#top .hr.hr-invisible.av-3jec4e-988d04f71250301f6631177bc3e9e20a{\nheight:20px;\n}\n<\/style>\n<div  class='hr av-3jec4e-988d04f71250301f6631177bc3e9e20a hr-invisible  avia-builder-el-11  el_before_av_heading  avia-builder-el-first '><span class='hr-inner '><span class=\"hr-inner-style\"><\/span><\/span><\/div><br \/>\n\n<style type=\"text\/css\" data-created_by=\"avia_inline_auto\" id=\"style-css-av-c30la-98b42cfcf1606696a6af95519a0eef80\">\n#top .av-special-heading.av-c30la-98b42cfcf1606696a6af95519a0eef80{\npadding-bottom:0;\nfont-size:30px;\n}\nbody .av-special-heading.av-c30la-98b42cfcf1606696a6af95519a0eef80 .av-special-heading-tag .heading-char{\nfont-size:25px;\n}\n#top #wrap_all .av-special-heading.av-c30la-98b42cfcf1606696a6af95519a0eef80 .av-special-heading-tag{\nfont-size:30px;\n}\n.av-special-heading.av-c30la-98b42cfcf1606696a6af95519a0eef80 .av-subheading{\nfont-size:15px;\n}\n\n@media only screen and (min-width: 480px) and (max-width: 767px){ \n#top #wrap_all .av-special-heading.av-c30la-98b42cfcf1606696a6af95519a0eef80 .av-special-heading-tag{\nfont-size:0.8em;\n}\n}\n\n@media only screen and (max-width: 479px){ \n#top #wrap_all .av-special-heading.av-c30la-98b42cfcf1606696a6af95519a0eef80 .av-special-heading-tag{\nfont-size:0.8em;\n}\n}\n<\/style>\n<div  class='av-special-heading av-c30la-98b42cfcf1606696a6af95519a0eef80 av-special-heading-h3 blockquote modern-quote modern-centered  avia-builder-el-12  el_after_av_hr  el_before_av_partner  av-inherit-size'><h3 class='av-special-heading-tag'  itemprop=\"headline\"  >Distributed Brands<\/h3><div class=\"special-heading-border\"><div class=\"special-heading-inner-border\"><\/div><\/div><\/div><br \/>\n<div  class='avia-logo-element-container av-38ph6m-2472f8aeebc236691fb39c86fba760f9 av-border-deactivate avia-logo-slider avia-content-slider avia-smallarrow-slider avia-content-slider-active noHover avia-content-slider-even  avia-builder-el-13  el_after_av_heading  avia-builder-el-last  av-slideshow-ui av-control-default av-nav-arrows-visible av-nav-dots-visible av-no-slider-navigation av-slideshow-manual av-loop-once av-loop-manual-endless avia-content-slider1' data-slideshow-options=\"{&quot;animation&quot;:&quot;slide&quot;,&quot;autoplay&quot;:false,&quot;loop_autoplay&quot;:&quot;once&quot;,&quot;interval&quot;:4,&quot;loop_manual&quot;:&quot;manual-endless&quot;,&quot;autoplay_stopper&quot;:true,&quot;noNavigation&quot;:false,&quot;bg_slider&quot;:false,&quot;keep_padding&quot;:&quot;&quot;,&quot;hoverpause&quot;:false,&quot;show_slide_delay&quot;:0}\"><div class='avia-smallarrow-slider-heading  no-logo-slider-heading '><div class='new-special-heading'>&nbsp;<\/div><div class='avia-slideshow-arrows avia-slideshow-controls' ><a href='#prev' class='prev-slide ' aria-hidden='true' data-av_icon='\ue87c' data-av_iconfont='entypo-fontello'  tabindex='-1'>Zur\u00fcck<\/a><a href='#next' class='next-slide ' aria-hidden='true' data-av_icon='\ue87d' data-av_iconfont='entypo-fontello'  tabindex='-1'>Weiter<\/a><\/div><\/div><div class=\"avia-content-slider-inner\"><div class=\"slide-entry-wrap\"><div  class='slide-entry av-7o4om-01483486e3df03c5f23bd2f88066e1ed flex_column no_margin av_one_sixth real-thumbnail post-entry slide-entry-overview slide-loop-1 slide-parity-odd  first'><span class='av-partner-fake-img' style='padding-bottom:100%; background-image:url(https:\/\/tonnadel.de\/wp-content\/uploads\/2023\/05\/JICO.jpg);'><\/span><\/div><div  class='slide-entry av-1td5ty-34ab0b68304258ca0288bfb30255f17f flex_column no_margin av_one_sixth real-thumbnail post-entry slide-entry-overview slide-loop-2 slide-parity-even  '><span class='av-partner-fake-img' style='padding-bottom:100%; background-image:url(https:\/\/tonnadel.de\/wp-content\/uploads\/2022\/09\/ss.jpg);'><\/span><\/div><div  class='slide-entry av-1irery-c993da05b1d1ca07554cbc09fe591049 flex_column no_margin av_one_sixth real-thumbnail post-entry slide-entry-overview slide-loop-3 slide-parity-odd  '><span class='av-partner-fake-img' style='padding-bottom:100%; background-image:url(https:\/\/tonnadel.de\/wp-content\/uploads\/2022\/09\/th.jpg);'><\/span><\/div><div  class='slide-entry av-1dpeb2-810ec07f269dfac006521573c4da0a21 flex_column no_margin av_one_sixth real-thumbnail post-entry slide-entry-overview slide-loop-4 slide-parity-even  '><span class='av-partner-fake-img' style='padding-bottom:100%; background-image:url(https:\/\/tonnadel.de\/wp-content\/uploads\/2022\/09\/AT.jpg);'><\/span><\/div><div  class='slide-entry av-1aqege-a65595fc614ea3be0455aecac27a1f06 flex_column no_margin av_one_sixth real-thumbnail post-entry slide-entry-overview slide-loop-5 slide-parity-odd  '><span class='av-partner-fake-img' style='padding-bottom:100%; background-image:url(https:\/\/tonnadel.de\/wp-content\/uploads\/2022\/09\/SUMIKO-1.jpg);'><\/span><\/div><div  class='slide-entry av-11l2qu-14f40b646b2f8ab2689066faa360d83f flex_column no_margin av_one_sixth real-thumbnail post-entry slide-entry-overview slide-loop-6 slide-parity-even  '><span class='av-partner-fake-img' style='padding-bottom:100%; background-image:url(https:\/\/tonnadel.de\/wp-content\/uploads\/2022\/09\/DUAL.jpg);'><\/span><\/div><\/div><div class=\"slide-entry-wrap\"><div  class='slide-entry av-w1rla-f5fb364368455881535ff722c81a776d flex_column no_margin av_one_sixth real-thumbnail post-entry slide-entry-overview slide-loop-7 slide-parity-odd  first'><span class='av-partner-fake-img' style='padding-bottom:100%; background-image:url(https:\/\/tonnadel.de\/wp-content\/uploads\/2022\/09\/SC.jpg);'><\/span><\/div><div  class='slide-entry av-q2da-a950bb25d612ab0e3cd35d3a7775c021 flex_column no_margin av_one_sixth real-thumbnail post-entry slide-entry-overview slide-loop-8 slide-parity-even  '><span class='av-partner-fake-img' style='padding-bottom:100%; background-image:url(https:\/\/tonnadel.de\/wp-content\/uploads\/2022\/09\/tonar.jpg);'><\/span><\/div><div  class='slide-entry av-75pvi-8218a4cbcff7da3979453593e550223e flex_column no_margin av_one_sixth real-thumbnail post-entry slide-entry-overview slide-loop-9 slide-parity-odd  '><span class='av-partner-fake-img' style='padding-bottom:100%; background-image:url(https:\/\/tonnadel.de\/wp-content\/uploads\/2023\/05\/JICO-custom-shop.jpg);'><\/span><\/div><div  class='slide-entry av-rtswu-444d3d2106e1618f93427f1a75e10f36 flex_column no_margin av_one_sixth real-thumbnail post-entry slide-entry-overview slide-loop-10 slide-parity-even  '><span class='av-partner-fake-img' style='padding-bottom:100%; background-image:url(https:\/\/tonnadel.de\/wp-content\/uploads\/2022\/09\/analogis.jpg);'><\/span><\/div><div  class='slide-entry av-lhjbi-02881af3fd5501fd137509e6264b3fdd flex_column no_margin av_one_sixth real-thumbnail post-entry slide-entry-overview slide-loop-11 slide-parity-odd  '><span class='av-partner-fake-img' style='padding-bottom:100%; background-image:url(https:\/\/tonnadel.de\/wp-content\/uploads\/2022\/09\/pickering.jpg);'><\/span><\/div><div  class='slide-entry av-drqjq-08943eb4a285a88e47ac574facc2a164 flex_column no_margin av_one_sixth real-thumbnail post-entry slide-entry-overview slide-loop-12 slide-parity-even post-entry-last '><span class='av-partner-fake-img' style='padding-bottom:100%; background-image:url(https:\/\/tonnadel.de\/wp-content\/uploads\/2022\/09\/stanton.jpg);'><\/span><\/div><\/div><\/div><\/div><\/p><\/div>\n\n<\/div><\/div><\/div><!-- close content main div --><\/div><\/div><div id='contact'  class='av-layout-grid-container av-20tbdq-96b8bf38b924efc8b47d29eb9e7254ec entry-content-wrapper socket_color av-flex-cells  avia-builder-el-14  el_after_av_section  avia-builder-el-last  grid-row-not-first  container_wrap fullsize'  >\n\n<style type=\"text\/css\" data-created_by=\"avia_inline_auto\" id=\"style-css-av-1wpg2u-a8ec3a764a1b8826627b0153e156c2d6\">\n.flex_cell.av-1wpg2u-a8ec3a764a1b8826627b0153e156c2d6{\nvertical-align:middle;\n}\n.responsive #top #wrap_all .flex_cell.av-1wpg2u-a8ec3a764a1b8826627b0153e156c2d6{\npadding:50px 50px 50px 50px !important;\n}\n<\/style>\n<div class='flex_cell av-1wpg2u-a8ec3a764a1b8826627b0153e156c2d6 av-gridrow-cell av_one_half no_margin  avia-builder-el-15  el_before_av_cell_one_half  avia-builder-el-first ' ><div class='flex_cell_inner'><p>\n<style type=\"text\/css\" data-created_by=\"avia_inline_auto\" id=\"style-css-av-1pq5s6-fa6b6b4c04a38297a02f429323fca527\">\n#top .av-special-heading.av-1pq5s6-fa6b6b4c04a38297a02f429323fca527{\npadding-bottom:30px;\nfont-size:30px;\n}\nbody .av-special-heading.av-1pq5s6-fa6b6b4c04a38297a02f429323fca527 .av-special-heading-tag .heading-char{\nfont-size:25px;\n}\n#top #wrap_all .av-special-heading.av-1pq5s6-fa6b6b4c04a38297a02f429323fca527 .av-special-heading-tag{\nfont-size:30px;\n}\n.av-special-heading.av-1pq5s6-fa6b6b4c04a38297a02f429323fca527 .av-subheading{\nfont-size:15px;\n}\n\n@media only screen and (min-width: 480px) and (max-width: 767px){ \n#top #wrap_all .av-special-heading.av-1pq5s6-fa6b6b4c04a38297a02f429323fca527 .av-special-heading-tag{\nfont-size:0.8em;\n}\n}\n\n@media only screen and (max-width: 479px){ \n#top #wrap_all .av-special-heading.av-1pq5s6-fa6b6b4c04a38297a02f429323fca527 .av-special-heading-tag{\nfont-size:0.8em;\n}\n}\n<\/style>\n<div  class='av-special-heading av-1pq5s6-fa6b6b4c04a38297a02f429323fca527 av-special-heading-h3 blockquote modern-quote modern-centered  avia-builder-el-16  el_before_av_textblock  avia-builder-el-first  av-inherit-size'><h3 class='av-special-heading-tag'  itemprop=\"headline\"  >Ihr Kontakt zur PZV &#8211; im Herzen Europas<\/h3><div class=\"special-heading-border\"><div class=\"special-heading-inner-border\"><\/div><\/div><\/div><br \/>\n<section  class='av_textblock_section av-5feti-f53fbcbdde9857247444dfcec0f29e8b'  itemscope=\"itemscope\" itemtype=\"https:\/\/schema.org\/CreativeWork\" ><div class='avia_textblock'  itemprop=\"text\" ><p>Bitte beachten Sie, dass wir nicht an Endkunden verkaufen k\u00f6nnen. Dies w\u00fcrde kein seri\u00f6ser Gro\u00dfhandel tun, ohne sich dabei selbst oder seinen Handelspartnern zu schaden.<\/p>\n<p>Sie sind ein Hersteller und m\u00f6chten uns als Vertriebspartner gewinnen oder sind Sie als H\u00e4ndler an unseren tollen Produkten interessiert?<\/p>\n<\/div><\/section><br \/>\n<\/p>\n<\/div><\/div>\n<style type=\"text\/css\" data-created_by=\"avia_inline_auto\" id=\"style-css-av-86um-658af8c213772ec8deba8563b368422b\">\n.flex_cell.av-86um-658af8c213772ec8deba8563b368422b{\nvertical-align:middle;\nbackground:url(https:\/\/tonnadel.de\/wp-content\/uploads\/2022\/09\/europa-1.jpg) 0% 0% no-repeat scroll #ffffff;\n}\n.responsive #top #wrap_all .flex_cell.av-86um-658af8c213772ec8deba8563b368422b{\npadding:0px 0px 0px 0px !important;\n}\n<\/style>\n<div class='flex_cell av-86um-658af8c213772ec8deba8563b368422b av-gridrow-cell av_one_half no_margin  avia-builder-el-19  el_after_av_cell_one_half  avia-builder-el-last  av-zero-padding avia-full-contain' ><div class='flex_cell_inner'><\/div><\/div><\/div>\n","protected":false},"excerpt":{"rendered":"","protected":false},"author":2,"featured_media":0,"parent":0,"menu_order":0,"comment_status":"closed","ping_status":"closed","template":"","meta":{"footnotes":""},"class_list":["post-126","page","type-page","status-publish","hentry"],"_links":{"self":[{"href":"https:\/\/tonnadel.de\/de\/wp-json\/wp\/v2\/pages\/126","targetHints":{"allow":["GET"]}}],"collection":[{"href":"https:\/\/tonnadel.de\/de\/wp-json\/wp\/v2\/pages"}],"about":[{"href":"https:\/\/tonnadel.de\/de\/wp-json\/wp\/v2\/types\/page"}],"author":[{"embeddable":true,"href":"https:\/\/tonnadel.de\/de\/wp-json\/wp\/v2\/users\/2"}],"replies":[{"embeddable":true,"href":"https:\/\/tonnadel.de\/de\/wp-json\/wp\/v2\/comments?post=126"}],"version-history":[{"count":87,"href":"https:\/\/tonnadel.de\/de\/wp-json\/wp\/v2\/pages\/126\/revisions"}],"predecessor-version":[{"id":393,"href":"https:\/\/tonnadel.de\/de\/wp-json\/wp\/v2\/pages\/126\/revisions\/393"}],"wp:attachment":[{"href":"https:\/\/tonnadel.de\/de\/wp-json\/wp\/v2\/media?parent=126"}],"curies":[{"name":"wp","href":"https:\/\/api.w.org\/{rel}","templated":true}]}}